{"id":17,"date":"2017-09-09T20:09:48","date_gmt":"2017-09-09T18:09:48","guid":{"rendered":"http:\/\/www.maxschnitzenbaumer.de\/?page_id=17"},"modified":"2018-11-14T15:48:10","modified_gmt":"2018-11-14T14:48:10","slug":"fuhrpark","status":"publish","type":"page","link":"https:\/\/www.maxschnitzenbaumer.de\/index.php\/fuhrpark\/","title":{"rendered":"Fuhrpark"},"content":{"rendered":"<p>F\u00fcr die kompetente und zuverl\u00e4ssige Ausf\u00fchrung unserer Arbeiten stehen uns ausreichend Baumaschinen in verschiedenen Gewichts- und Leistungsklassen zur Verf\u00fcgung, z.B.:<\/p>\n<ul>\n<li>Radbagger<\/li>\n<li>Kettenbagger<\/li>\n<li>Minibagger<\/li>\n<li>Schubraupen<\/li>\n<li>Radlader<\/li>\n<li>Grader<\/li>\n<li>Walzen<\/li>\n<\/ul>\n<p>F\u00fcr schnelle und flexible Materiallieferungen verf\u00fcgen wir \u00fcber eine moderne LKW Flotte:<\/p>\n<ul>\n<li>z.B. 3-Achser, 3-Achser mit H\u00e4nger, 3-Achser mit Tieflader, 4-Achser, Sattelz\u00fcge, Abrollkipper, Kehrmaschinen<\/li>\n<\/ul>\n<p>&nbsp;<\/p>\n<p>Unsere aktuelle Preisliste f\u00fcr Maschinen erhalten Sie auf Anfrage unter\u00a0<a href=\"info@maxschnitzenbaumer.de\">info[at]maxschnitzenbaumer.de<\/a> oder \u00fcber das <a href=\"https:\/\/www.maxschnitzenbaumer.de\/index.php\/kontaktanfahrt\/\" target=\"_blank\" rel=\"noopener\">Kontaktformular<\/a>.<\/p>\n","protected":false},"excerpt":{"rendered":"<p>F\u00fcr die kompetente und zuverl\u00e4ssige Ausf\u00fchrung unserer Arbeiten stehen uns ausreichend Baumaschinen in verschiedenen Gewichts- und Leistungsklassen zur Verf\u00fcgung, z.B.: Radbagger Kettenbagger Minibagger Schubraupen Radlader Grader Walzen F\u00fcr schnelle und flexible Materiallieferungen verf\u00fcgen wir \u00fcber eine moderne LKW Flotte: z.B. 3-Achser, 3-Achser mit H\u00e4nger, 3-Achser mit Tieflader, 4-Achser, Sattelz\u00fcge, Abrollkipper, Kehrmaschinen &nbsp; Unsere aktuelle Preisliste [&hellip;]<\/p>\n","protected":false},"author":1,"featured_media":0,"parent":0,"menu_order":0,"comment_status":"closed","ping_status":"closed","template":"","meta":{"_mi_skip_tracking":false},"_links":{"self":[{"href":"https:\/\/www.maxschnitzenbaumer.de\/index.php\/wp-json\/wp\/v2\/pages\/17"}],"collection":[{"href":"https:\/\/www.maxschnitzenbaumer.de\/index.php\/wp-json\/wp\/v2\/pages"}],"about":[{"href":"https:\/\/www.maxschnitzenbaumer.de\/index.php\/wp-json\/wp\/v2\/types\/page"}],"author":[{"embeddable":true,"href":"https:\/\/www.maxschnitzenbaumer.de\/index.php\/wp-json\/wp\/v2\/users\/1"}],"replies":[{"embeddable":true,"href":"https:\/\/www.maxschnitzenbaumer.de\/index.php\/wp-json\/wp\/v2\/comments?post=17"}],"version-history":[{"count":7,"href":"https:\/\/www.maxschnitzenbaumer.de\/index.php\/wp-json\/wp\/v2\/pages\/17\/revisions"}],"predecessor-version":[{"id":185,"href":"https:\/\/www.maxschnitzenbaumer.de\/index.php\/wp-json\/wp\/v2\/pages\/17\/revisions\/185"}],"wp:attachment":[{"href":"https:\/\/www.maxschnitzenbaumer.de\/index.php\/wp-json\/wp\/v2\/media?parent=17"}],"curies":[{"name":"wp","href":"https:\/\/api.w.org\/{rel}","templated":true}]}}