{"id":26,"date":"2017-09-09T20:10:28","date_gmt":"2017-09-09T18:10:28","guid":{"rendered":"http:\/\/www.maxschnitzenbaumer.de\/?page_id=26"},"modified":"2018-11-14T15:46:54","modified_gmt":"2018-11-14T14:46:54","slug":"ueber-uns","status":"publish","type":"page","link":"https:\/\/www.maxschnitzenbaumer.de\/index.php\/ueber-uns\/","title":{"rendered":"\u00dcber uns"},"content":{"rendered":"<p>Wir sind ein <strong>traditionsreiches, mittelst\u00e4ndisches Familienunternehmen<\/strong>, das bereits in der dritten Generation <strong>seit 1938<\/strong> am selben Standort in <strong>Weyarn<\/strong> angesiedelt ist.<\/p>\n<p>Angefangen hat es damals mit einem Hochbau- und Betonbetrieb mit zeitweise mehr als 100 Mitarbeitern. \u00dcber die Jahre haben sich der Markt und somit auch unser Unternehmen immer <strong>weiter entwickelt und st\u00e4ndig modernisiert<\/strong>.<\/p>\n<p>Bereits vor \u00fcber 40 Jahren kamen der Tief- und Stra\u00dfenbau mit der Erweiterung des Fuhrparks hinzu, worauf wir auch heute noch unseren Fokus legen. Wir sind haupts\u00e4chlich regional in den <strong>Landkreisen Miesbach, n\u00f6rdl. Rosenheim und s\u00fcdl. M\u00fcnchen<\/strong> t\u00e4tig.<\/p>\n<p>Unter den Auftraggebern finden sind gleicherma\u00dfen Gemeinden und andere \u00f6ffentliche Stellen sowie Partnerunternehmen aus der Baubranche und nat\u00fcrlich zahlreiche private Bauherren.<\/p>\n<p>Unser <strong>kompetentes und flei\u00dfiges Team<\/strong> besteht aus vielen jungen und tatkr\u00e4ftigen Mitarbeitern sowie einigen erfahrenen und sehr langj\u00e4hrigen Mitarbeitern. Es ist uns immer \u00e4u\u00dferst wichtig, qualitativ hochwertig und zuverl\u00e4ssig zu arbeiten.<\/p>\n","protected":false},"excerpt":{"rendered":"<p>Wir sind ein traditionsreiches, mittelst\u00e4ndisches Familienunternehmen, das bereits in der dritten Generation seit 1938 am selben Standort in Weyarn angesiedelt ist. Angefangen hat es damals mit einem Hochbau- und Betonbetrieb mit zeitweise mehr als 100 Mitarbeitern. \u00dcber die Jahre haben sich der Markt und somit auch unser Unternehmen immer weiter entwickelt und st\u00e4ndig modernisiert. Bereits [&hellip;]<\/p>\n","protected":false},"author":1,"featured_media":0,"parent":0,"menu_order":0,"comment_status":"closed","ping_status":"closed","template":"","meta":{"_mi_skip_tracking":false},"_links":{"self":[{"href":"https:\/\/www.maxschnitzenbaumer.de\/index.php\/wp-json\/wp\/v2\/pages\/26"}],"collection":[{"href":"https:\/\/www.maxschnitzenbaumer.de\/index.php\/wp-json\/wp\/v2\/pages"}],"about":[{"href":"https:\/\/www.maxschnitzenbaumer.de\/index.php\/wp-json\/wp\/v2\/types\/page"}],"author":[{"embeddable":true,"href":"https:\/\/www.maxschnitzenbaumer.de\/index.php\/wp-json\/wp\/v2\/users\/1"}],"replies":[{"embeddable":true,"href":"https:\/\/www.maxschnitzenbaumer.de\/index.php\/wp-json\/wp\/v2\/comments?post=26"}],"version-history":[{"count":3,"href":"https:\/\/www.maxschnitzenbaumer.de\/index.php\/wp-json\/wp\/v2\/pages\/26\/revisions"}],"predecessor-version":[{"id":183,"href":"https:\/\/www.maxschnitzenbaumer.de\/index.php\/wp-json\/wp\/v2\/pages\/26\/revisions\/183"}],"wp:attachment":[{"href":"https:\/\/www.maxschnitzenbaumer.de\/index.php\/wp-json\/wp\/v2\/media?parent=26"}],"curies":[{"name":"wp","href":"https:\/\/api.w.org\/{rel}","templated":true}]}}